{"id":8,"date":"2021-05-20T06:53:17","date_gmt":"2021-05-20T06:53:17","guid":{"rendered":"http:\/\/www.kemtennis.fi\/?page_id=8"},"modified":"2025-06-02T14:55:58","modified_gmt":"2025-06-02T14:55:58","slug":"ota-yhteytta","status":"publish","type":"page","link":"https:\/\/www.kemtennis.fi\/index.php\/ota-yhteytta\/","title":{"rendered":"Ota yhteytt\u00e4"},"content":{"rendered":"\n<div class=\"wp-block-columns is-layout-flex wp-container-core-columns-is-layout-1 wp-block-columns-is-layout-flex\">\n<div class=\"wp-block-column is-layout-flow wp-block-column-is-layout-flow\" style=\"flex-basis:100%\">\n<p class=\"has-gray-color has-text-color has-background has-normal-font-size\" style=\"background-color:#b8af95\">Puheenjohtaja: Petteri Kangas 040 554 6317<br>Sihteeri: Pirkko Gr\u00f6\u00f6til\u00e4 040 936 7605<br>Sposti: kemijarven.tennisseura@gmail.com<\/p>\n<\/div>\n<\/div>\n","protected":false},"excerpt":{"rendered":"<p>Puheenjohtaja: Petteri Kangas 040 554 6317Sihteeri: Pirkko Gr\u00f6\u00f6til\u00e4 040 936 7605Sposti: kemijarven.tennisseura@gmail.com<\/p>\n","protected":false},"author":1,"featured_media":0,"parent":0,"menu_order":0,"comment_status":"closed","ping_status":"closed","template":"","meta":{"footnotes":""},"_links":{"self":[{"href":"https:\/\/www.kemtennis.fi\/index.php\/wp-json\/wp\/v2\/pages\/8"}],"collection":[{"href":"https:\/\/www.kemtennis.fi\/index.php\/wp-json\/wp\/v2\/pages"}],"about":[{"href":"https:\/\/www.kemtennis.fi\/index.php\/wp-json\/wp\/v2\/types\/page"}],"author":[{"embeddable":true,"href":"https:\/\/www.kemtennis.fi\/index.php\/wp-json\/wp\/v2\/users\/1"}],"replies":[{"embeddable":true,"href":"https:\/\/www.kemtennis.fi\/index.php\/wp-json\/wp\/v2\/comments?post=8"}],"version-history":[{"count":6,"href":"https:\/\/www.kemtennis.fi\/index.php\/wp-json\/wp\/v2\/pages\/8\/revisions"}],"predecessor-version":[{"id":161,"href":"https:\/\/www.kemtennis.fi\/index.php\/wp-json\/wp\/v2\/pages\/8\/revisions\/161"}],"wp:attachment":[{"href":"https:\/\/www.kemtennis.fi\/index.php\/wp-json\/wp\/v2\/media?parent=8"}],"curies":[{"name":"wp","href":"https:\/\/api.w.org\/{rel}","templated":true}]}}