{"id":2,"date":"2021-04-22T14:45:45","date_gmt":"2021-04-22T14:45:45","guid":{"rendered":"http:\/\/www.kemtennis.fi\/?page_id=2"},"modified":"2026-04-21T11:30:37","modified_gmt":"2026-04-21T11:30:37","slug":"sample-page","status":"publish","type":"page","link":"https:\/\/www.kemtennis.fi\/","title":{"rendered":"TERVETULOA KEMIJ\u00c4RVEN TENNISSEURAN SIVUILLE"},"content":{"rendered":"\n<p class=\"has-text-align-center has-subtle-background-background-color has-background\">TENNISKAUSI 2026 ON PIAN K\u00c4YNNISTYM\u00c4SS\u00c4<\/p>\n\n\n\n<p class=\"has-text-align-left has-subtle-background-background-color has-background\">Kemij\u00e4rven Tennisseura ry:n s\u00e4\u00e4nt\u00f6m\u00e4\u00e4r\u00e4inen kev\u00e4tkokous pidet\u00e4\u00e4n keskiviikkona 29.4.2026 klo 18:00 alkaen ABC huoltoaseman (Pajulantie 2) kokoustilassa. K\u00e4sitell\u00e4\u00e4n s\u00e4\u00e4nt\u00f6m\u00e4\u00e4riset asiat ja s\u00e4\u00e4nt\u00f6muutos. Toivotamme kaikki tenniksest\u00e4 kiinnostuneet tervetulleiksi kokoukseen.<\/p>\n\n\n\n<p class=\"has-text-align-left has-subtle-background-background-color has-background\">Tennisseura j\u00e4rjest\u00e4\u00e4 sunnuntai aamuisin klo 10-12 opastetun harjoittelun\/tutustumisen tennikseen tenniskentill\u00e4 kiinnostuneille. Paikalla t\u00e4ll\u00f6in seuran edustaja opastamassa.<br><br>Ilmoittaudu seuraavan sunnuntain ohjattuun harjoitteluun t\u00e4st\u00e4 <a href=\"https:\/\/87900.aidaform.com\/lomalaiskisat-kilpasarjanaiset\">linkist\u00e4<\/a><br><\/p>\n\n\n\n<p class=\"has-text-align-left has-subtle-background-background-color has-background\">Ilmoittautuminen lomalaiskisoihin on 25-27.7 on alkanut. <br><br>Sarjat:<br>&#8211; Kilpasarja<br>&#8211; Naiset<br>&#8211; Aloittelijat<br>&#8211; Nelinpeli.<br><br>Kisamaksu 20 euroa\/sarja, nelinpeliss\u00e4 20 euroa\/pari.<br><br>Pelaaja voi ilmoittautua yhteen kaksinpelisarjaan ja nelinpeliin. Naiset voivat halutessaan osallistua my\u00f6s kilpasarjaan tai aloittelijoiden sarjaan, t\u00e4ll\u00f6in ei kuitenkaan voi en\u00e4\u00e4 osallistua naisten sarjaan<br><br>Pelit lohkopelein\u00e4, jolloin lohkon sis\u00e4ll\u00e4 kaikki pelaavat kaikkia vastaan, joten jokaiselle osallistujalle tulee useampi peli. <br><br>Nelinpeliss\u00e4 valitsemme peliparit mahdollisimman tasaisten pelien aikaansaamiseksi. Ei siis ennalta m\u00e4\u00e4r\u00e4ttyj\u00e4 pareja.<br><br>Ilmoittautuminen p\u00e4\u00e4ttyy ke 23.7 klo 16. Ilmoittautuminen t\u00e4st\u00e4 <a href=\"https:\/\/87900.aidaform.com\/lomalaiskisat-kilpasarja\">linkist\u00e4<\/a><\/p>\n\n\n\n<p class=\"has-text-align-left has-subtle-background-background-color has-background\">Haluaisitko pelata tennist\u00e4 mutta ei ole sopivaa pelikaveria. Tennisseura alkaa yll\u00e4pit\u00e4m\u00e4\u00e4n tennispartnerilistaa, jolta voit etsi\u00e4 pelikaveria. Ota yhteytt\u00e4 listalle ilmoittautuneeseen sopivaan tennispartneriin ja sopikaa peliaika. Varaa t\u00e4m\u00e4n j\u00e4lkeen kentt\u00e4 ja suorita kentt\u00e4maksu. Linkki tennispartnerisivulle alavalikossa. Tennispartnerisivun kautta voit my\u00f6s ilmoittautua tennispartneriksi.<\/p>\n\n\n\n<p class=\"has-text-align-left has-subtle-background-background-color has-background\">Tennisseura tulee taas j\u00e4rjest\u00e4m\u00e4\u00e4n lomalaiskisat hein\u00e4kuun lopussa 25-27.7. Pelit lohkopelein\u00e4. J\u00e4rjestelyist\u00e4 tiedotetaan tarkemmin my\u00f6hemmin.<\/p>\n\n\n\n<p class=\"has-text-align-left has-subtle-background-background-color has-background\">Tenniskent\u00e4t on laitettu taas pelikuntoon ja kent\u00e4t ovat varattavissa varauskalenterin kautta. Linkki varauskalenteriin alempana.<\/p>\n\n\n\n<p class=\"has-text-align-left has-subtle-background-background-color has-background\">Please find the link to the tennis court on-line booking at the bottom of the this page<br><\/p>\n\n\n\n<p class=\"has-text-align-left has-subtle-background-background-color has-background\">Kenttien varaukset tuttuun tyyliin varauskalenterin kautta. Kenttien + varaston avaimet l\u00f6ytyv\u00e4t tenniskent\u00e4n aidalla olevasta avainboxista. Saat avainboxin numerokoodin varaamalla itsellesi kent\u00e4n. <\/p>\n\n\n\n<p class=\"has-text-align-left has-subtle-background-background-color has-background\">Olemme laskeneet seuran j\u00e4senmaksun 20 euroon. Seuran j\u00e4senet voivat lunastaa 50 Euron hintaisen kes\u00e4passin, jolla voi pelata kauden 2025 ilman muita kentt\u00e4maksuja<\/p>\n\n\n\n<p class=\"has-text-align-left has-subtle-background-background-color has-background\"><strong>Hinnasto(Pricing): <\/strong><br>J\u00e4senmaksu(Membership fee): <a href=\"https:\/\/87900.aidaform.com\/j-senmaksu-2023\" data-type=\"URL\" data-id=\"https:\/\/87900.aidaform.com\/j-senmaksu-2023\" target=\"_blank\" rel=\"noreferrer noopener\">20\u20ac &#8211; siirry maksamaan<\/a><br>Kes\u00e4passi(Season pass): <a href=\"https:\/\/87900.aidaform.com\/tennispassi\" data-type=\"URL\" data-id=\"https:\/\/87900.aidaform.com\/j-senmaksu-2023\" target=\"_blank\" rel=\"noreferrer noopener\">50\u20ac &#8211; siirry maksamaan<\/a><br>Tenniskentt\u00e4(Tennis court): 5\/10\u20ach<br>Mailan vuokra(Racket rental): 5\u20ac<br>Pallotuubi( 4-ball tube): 7\u20ac<br><\/p>\n\n\n\n<p class=\"has-text-align-center has-accent-color has-subtle-background-background-color has-text-color has-background\" style=\"font-size:20px\"><a href=\"https:\/\/nettiaika.fi\/kemijarventennisseura\" data-type=\"URL\" data-id=\"https:\/\/nettiaika.fi\/kemijarventennisseura\" target=\"_blank\" rel=\"noreferrer noopener\"><strong>VARAUSKALENTERI t\u00e4st\u00e4 linkist\u00e4. Linkin kautta p\u00e4\u00e4set my\u00f6s vuokraamaan  mailoja ja ostamaan palloja <\/strong><\/a><\/p>\n\n\n\n<p class=\"has-text-align-center has-accent-color has-subtle-background-background-color has-text-color has-background\" style=\"font-size:20px\"><a href=\"https:\/\/nettiaika.fi\/kemijarventennisseura\" data-type=\"URL\" data-id=\"https:\/\/nettiaika.fi\/kemijarventennisseura\" target=\"_blank\" rel=\"noreferrer noopener\"><br><strong>To the On-line tennis court booking click here.  You can also rent reckets and buy balls through this link!<\/strong> <\/a><\/p>\n","protected":false},"excerpt":{"rendered":"<p>TENNISKAUSI 2026 ON PIAN K\u00c4YNNISTYM\u00c4SS\u00c4 Kemij\u00e4rven Tennisseura ry:n s\u00e4\u00e4nt\u00f6m\u00e4\u00e4r\u00e4inen kev\u00e4tkokous pidet\u00e4\u00e4n keskiviikkona 29.4.2026 klo 18:00 alkaen ABC huoltoaseman (Pajulantie 2) kokoustilassa. K\u00e4sitell\u00e4\u00e4n s\u00e4\u00e4nt\u00f6m\u00e4\u00e4riset asiat ja s\u00e4\u00e4nt\u00f6muutos. Toivotamme kaikki tenniksest\u00e4 kiinnostuneet tervetulleiksi kokoukseen. Tennisseura j\u00e4rjest\u00e4\u00e4 sunnuntai aamuisin klo 10-12 opastetun harjoittelun\/tutustumisen tennikseen tenniskentill\u00e4 kiinnostuneille. Paikalla t\u00e4ll\u00f6in seuran edustaja opastamassa. Ilmoittaudu seuraavan sunnuntain ohjattuun harjoitteluun t\u00e4st\u00e4 linkist\u00e4 [&hellip;]<\/p>\n","protected":false},"author":1,"featured_media":0,"parent":0,"menu_order":0,"comment_status":"closed","ping_status":"open","template":"","meta":{"footnotes":""},"_links":{"self":[{"href":"https:\/\/www.kemtennis.fi\/index.php\/wp-json\/wp\/v2\/pages\/2"}],"collection":[{"href":"https:\/\/www.kemtennis.fi\/index.php\/wp-json\/wp\/v2\/pages"}],"about":[{"href":"https:\/\/www.kemtennis.fi\/index.php\/wp-json\/wp\/v2\/types\/page"}],"author":[{"embeddable":true,"href":"https:\/\/www.kemtennis.fi\/index.php\/wp-json\/wp\/v2\/users\/1"}],"replies":[{"embeddable":true,"href":"https:\/\/www.kemtennis.fi\/index.php\/wp-json\/wp\/v2\/comments?post=2"}],"version-history":[{"count":55,"href":"https:\/\/www.kemtennis.fi\/index.php\/wp-json\/wp\/v2\/pages\/2\/revisions"}],"predecessor-version":[{"id":201,"href":"https:\/\/www.kemtennis.fi\/index.php\/wp-json\/wp\/v2\/pages\/2\/revisions\/201"}],"wp:attachment":[{"href":"https:\/\/www.kemtennis.fi\/index.php\/wp-json\/wp\/v2\/media?parent=2"}],"curies":[{"name":"wp","href":"https:\/\/api.w.org\/{rel}","templated":true}]}}