{"id":163,"date":"2025-06-11T15:16:54","date_gmt":"2025-06-11T15:16:54","guid":{"rendered":"https:\/\/www.kemtennis.fi\/?page_id=163"},"modified":"2025-06-11T15:45:06","modified_gmt":"2025-06-11T15:45:06","slug":"tennispartnerilista","status":"publish","type":"page","link":"https:\/\/www.kemtennis.fi\/index.php\/tennispartnerilista\/","title":{"rendered":"Tennispartnerilista"},"content":{"rendered":"\n<p class=\"has-background\" style=\"background-color:#c4ac6e\">Kun haluat pelata tennist\u00e4 mutta sinulla ei ole pelikaveria,  niin voit ottaa yhteytt\u00e4 tennispartnerilistalle ilmoittautuneisiin pelaajiin. Ota yhteytt\u00e4 sopivaan pelaajaan ja sopikaa peliaika. Varaa t\u00e4m\u00e4n j\u00e4lkeen kentt\u00e4 ja suorita kentt\u00e4maksu.<\/p>\n\n\n\n<p class=\"has-background\" style=\"background-color:#c4ac6e\">Voit ilmoittautua tennispartneriksi t\u00e4st\u00e4 linkist\u00e4: <a href=\"https:\/\/87900.aidaform.com\/tennispartneri\" data-type=\"page\" data-id=\"163\">Tennispartneriksi<\/a>. Kun olet t\u00e4ytt\u00e4nyt lomakkeen ja l\u00e4hett\u00e4nyt sen lis\u00e4\u00e4mme yhteystietosi alla olevaan tennispartnerilistaan. Voit my\u00f6s poistaa yhteystietosi listalta yll\u00e4 olevan linkin kautta. (Huom: lis\u00e4\u00e4mme\/poistamme yhteystiedot listalta manuaalisesti saatuamme tiedon eli yhteystietojen lis\u00e4yksess\u00e4 ja poistossa on jonkin verran viivett\u00e4)<\/p>\n\n\n\n<p class=\"has-background\" style=\"background-color:#c4ac6e\"> Listalle ei ole viel\u00e4 ilmoittautunut tennispartnereita.<\/p>\n\n\n\n<p><\/p>\n\n\n\n<p><\/p>\n","protected":false},"excerpt":{"rendered":"<p>Kun haluat pelata tennist\u00e4 mutta sinulla ei ole pelikaveria, niin voit ottaa yhteytt\u00e4 tennispartnerilistalle ilmoittautuneisiin pelaajiin. Ota yhteytt\u00e4 sopivaan pelaajaan ja sopikaa peliaika. Varaa t\u00e4m\u00e4n j\u00e4lkeen kentt\u00e4 ja suorita kentt\u00e4maksu. Voit ilmoittautua tennispartneriksi t\u00e4st\u00e4 linkist\u00e4: Tennispartneriksi. Kun olet t\u00e4ytt\u00e4nyt lomakkeen ja l\u00e4hett\u00e4nyt sen lis\u00e4\u00e4mme yhteystietosi alla olevaan tennispartnerilistaan. Voit my\u00f6s poistaa yhteystietosi listalta yll\u00e4 olevan [&hellip;]<\/p>\n","protected":false},"author":1,"featured_media":0,"parent":0,"menu_order":0,"comment_status":"closed","ping_status":"closed","template":"templates\/template-full-width.php","meta":{"footnotes":""},"_links":{"self":[{"href":"https:\/\/www.kemtennis.fi\/index.php\/wp-json\/wp\/v2\/pages\/163"}],"collection":[{"href":"https:\/\/www.kemtennis.fi\/index.php\/wp-json\/wp\/v2\/pages"}],"about":[{"href":"https:\/\/www.kemtennis.fi\/index.php\/wp-json\/wp\/v2\/types\/page"}],"author":[{"embeddable":true,"href":"https:\/\/www.kemtennis.fi\/index.php\/wp-json\/wp\/v2\/users\/1"}],"replies":[{"embeddable":true,"href":"https:\/\/www.kemtennis.fi\/index.php\/wp-json\/wp\/v2\/comments?post=163"}],"version-history":[{"count":11,"href":"https:\/\/www.kemtennis.fi\/index.php\/wp-json\/wp\/v2\/pages\/163\/revisions"}],"predecessor-version":[{"id":183,"href":"https:\/\/www.kemtennis.fi\/index.php\/wp-json\/wp\/v2\/pages\/163\/revisions\/183"}],"wp:attachment":[{"href":"https:\/\/www.kemtennis.fi\/index.php\/wp-json\/wp\/v2\/media?parent=163"}],"curies":[{"name":"wp","href":"https:\/\/api.w.org\/{rel}","templated":true}]}}