{"id":12,"date":"2021-05-20T06:53:17","date_gmt":"2021-05-20T06:53:17","guid":{"rendered":"http:\/\/www.kemtennis.fi\/?page_id=12"},"modified":"2021-05-20T06:53:17","modified_gmt":"2021-05-20T06:53:17","slug":"uusi-umoma-avaa-ovensa-2","status":"publish","type":"page","link":"http:\/\/www.kemtennis.fi\/index.php\/uusi-umoma-avaa-ovensa-2\/","title":{"rendered":"Uusi UMoMA avaa ovensa"},"content":{"rendered":"<div class=\"wp-block-group alignwide\"><div class=\"wp-block-group__inner-container is-layout-flow wp-block-group-is-layout-flow\"><h2 class=\"has-text-align-center wp-block-heading\">Nykytaiteen ykk\u00f6skohde Pohjois-Ruotsissa. Avoinna 10\u201318 joka p\u00e4iv\u00e4 kes\u00e4kuukausina.<\/h2><\/div><\/div><div class=\"wp-block-columns alignwide is-layout-flex wp-container-core-columns-is-layout-1 wp-block-columns-is-layout-flex\"><div class=\"wp-block-column is-layout-flow wp-block-column-is-layout-flow\"><div class=\"wp-block-group\"><div class=\"wp-block-group__inner-container is-layout-flow wp-block-group-is-layout-flow\"><figure class=\"wp-block-image alignfull size-full\"><img decoding=\"async\" src=\"http:\/\/www.kemtennis.fi\/wp-content\/themes\/twentytwenty\/assets\/images\/2020-three-quarters-1.png\" alt=\"\" class=\"wp-image-37\"\/><\/figure><h3 class=\"wp-block-heading\">Ty\u00f6t ja p\u00e4iv\u00e4t<\/h3><p>1. elokuuta \u2013 1. joulukuuta<\/p><div class=\"wp-block-button is-style-outline\"><a class=\"wp-block-button__link\" href=\"https:\/\/make.wordpress.org\/core\/2019\/09\/27\/block-editor-theme-related-updates-in-wordpress-5-3\/\">Lue lis\u00e4\u00e4<\/a><\/div><\/div><\/div><div class=\"wp-block-group\"><div class=\"wp-block-group__inner-container is-layout-flow wp-block-group-is-layout-flow\"><figure class=\"wp-block-image alignfull size-full\"><img decoding=\"async\" src=\"http:\/\/www.kemtennis.fi\/wp-content\/themes\/twentytwenty\/assets\/images\/2020-three-quarters-3.png\" alt=\"\" class=\"wp-image-37\"\/><\/figure><h3 class=\"wp-block-heading\">Theatre of Operations<\/h3><p>1. lokakuuta \u2013 1. joulukuuta<\/p><div class=\"wp-block-button is-style-outline\"><a class=\"wp-block-button__link\" href=\"https:\/\/make.wordpress.org\/core\/2019\/09\/27\/block-editor-theme-related-updates-in-wordpress-5-3\/\">Lue lis\u00e4\u00e4<\/a><\/div><\/div><\/div><\/div><div class=\"wp-block-column is-layout-flow wp-block-column-is-layout-flow\"><div class=\"wp-block-group\"><div class=\"wp-block-group__inner-container is-layout-flow wp-block-group-is-layout-flow\"><figure class=\"wp-block-image alignfull size-full\"><img decoding=\"async\" src=\"http:\/\/www.kemtennis.fi\/wp-content\/themes\/twentytwenty\/assets\/images\/2020-three-quarters-2.png\" alt=\"\" class=\"wp-image-37\"\/><\/figure><h3 class=\"wp-block-heading\">The Life I Deserve<\/h3><p>1. elokuuta \u2013 1. joulukuuta<\/p><div class=\"wp-block-button is-style-outline\"><a class=\"wp-block-button__link\" href=\"https:\/\/make.wordpress.org\/core\/2019\/09\/27\/block-editor-theme-related-updates-in-wordpress-5-3\/\">Lue lis\u00e4\u00e4<\/a><\/div><\/div><\/div><div class=\"wp-block-group\"><div class=\"wp-block-group__inner-container is-layout-flow wp-block-group-is-layout-flow\"><figure class=\"wp-block-image alignfull size-full\"><img decoding=\"async\" src=\"http:\/\/www.kemtennis.fi\/wp-content\/themes\/twentytwenty\/assets\/images\/2020-three-quarters-4.png\" alt=\"\" class=\"wp-image-37\"\/><\/figure><h3 class=\"wp-block-heading\">Signac&#8217;sta Matisseen<\/h3><p>1. lokakuuta \u2013 1. joulukuuta<\/p><div class=\"wp-block-button is-style-outline\"><a class=\"wp-block-button__link\" href=\"https:\/\/make.wordpress.org\/core\/2019\/09\/27\/block-editor-theme-related-updates-in-wordpress-5-3\/\">Lue lis\u00e4\u00e4<\/a><\/div><\/div><\/div><\/div><\/div><figure class=\"wp-block-image alignfull size-full\"><img decoding=\"async\" src=\"http:\/\/www.kemtennis.fi\/wp-content\/themes\/twentytwenty\/assets\/images\/2020-landscape-2.png\" alt=\"\" class=\"wp-image-37\"\/><\/figure><div class=\"wp-block-group alignwide\"><div class=\"wp-block-group__inner-container is-layout-flow wp-block-group-is-layout-flow\"><h2 class=\"has-accent-color has-text-align-center wp-block-heading\">&#8221;Cyborgit, kuten filosofi Donna Haraway m\u00e4\u00e4ritteli, eiv\u00e4t tunne kunnioitusta. Ne eiv\u00e4t muista kosmosta.&#8221;<\/h2><\/div><\/div><p class=\"has-drop-cap\">UMoMAn seitsem\u00e4n kerrosta upeaa arkkitehtuuria esittelee kansainv\u00e4list\u00e4 nykytaidetta ja joskus taidehistoriallisia retrospektiivej\u00e4. K\u00e4sittelemme usein eksistentiaalisia, poliittisia ja filosofisia kysymyksi\u00e4. Vieraanamme kutsumme sinut opastetuille kierroksille, taiteilijoiden puheenvuoroihin, luennoille, elokuvan\u00e4yt\u00f6ksiin ja muihin tapahtumiin, ilmaiseksi.<\/p><p>N\u00e4yttelyt tuottaa UMoMA yhteisty\u00f6ss\u00e4 taiteilijoiden ja muiden museoiden kanssa ja ne saavat usein kansainv\u00e4list\u00e4 huomiota. UMoMA on saanut Euroopan Vuoden museo -palkinnon erikoismaininnan ja oli my\u00f6s Ruotsin Vuoden museo -palkinnon ja Euroopan neuvoston Museopalkinnon k\u00e4rkiehdokkaita.<\/p><p><\/p><div class=\"wp-block-group alignwide has-background\" style=\"background-color:#ffffff\"><div class=\"wp-block-group__inner-container is-layout-flow wp-block-group-is-layout-flow\"><div class=\"wp-block-group\"><div class=\"wp-block-group__inner-container is-layout-flow wp-block-group-is-layout-flow\"><h2 class=\"has-text-align-center wp-block-heading\">Liity j\u00e4seneksi ja saa yksinoikeusetuja!<\/h2><p class=\"has-text-align-center\">J\u00e4senet p\u00e4\u00e4sev\u00e4t k\u00e4siksi yksinoikeusn\u00e4yttelyihin ja myynteihin. J\u00e4senyys maksaa $99.99 ja laskutetaan vuosittain.<\/p><div class=\"wp-block-button aligncenter\"><a class=\"wp-block-button__link\" href=\"https:\/\/make.wordpress.org\/core\/2019\/09\/27\/block-editor-theme-related-updates-in-wordpress-5-3\/\">Liity kerhoon<\/a><\/div><\/div><\/div><\/div><\/div><figure class=\"wp-block-gallery alignwide columns-2 is-cropped wp-block-gallery-1 is-layout-flex wp-block-gallery-is-layout-flex\"><ul class=\"blocks-gallery-grid\"><li class=\"blocks-gallery-item\"><figure><img decoding=\"async\" src=\"http:\/\/www.kemtennis.fi\/wp-content\/themes\/twentytwenty\/assets\/images\/2020-square-2.png\" alt=\"\" data-id=\"39\" data-full-url=\"http:\/\/www.kemtennis.fi\/wp-content\/themes\/twentytwenty\/assets\/images\/2020-square-2.png\" data-link=\"assets\/images\/2020-square-2\/\" class=\"wp-image-39\"\/><\/figure><\/li><li class=\"blocks-gallery-item\"><figure><img decoding=\"async\" src=\"http:\/\/www.kemtennis.fi\/wp-content\/themes\/twentytwenty\/assets\/images\/2020-square-1.png\" alt=\"\" data-id=\"38\" data-full-url=\"http:\/\/www.kemtennis.fi\/wp-content\/themes\/twentytwenty\/assets\/images\/2020-square-1.png\" data-link=\"http:\/\/www.kemtennis.fi\/wp-content\/themes\/twentytwenty\/assets\/images\/2020-square-1\/\" class=\"wp-image-38\"\/><\/figure><\/li><\/ul><\/figure>","protected":false},"excerpt":{"rendered":"<p>Nykytaiteen ykk\u00f6skohde Pohjois-Ruotsissa. Avoinna 10\u201318 joka p\u00e4iv\u00e4 kes\u00e4kuukausina. Ty\u00f6t ja p\u00e4iv\u00e4t 1. elokuuta \u2013 1. joulukuuta Theatre of Operations 1. lokakuuta \u2013 1. joulukuuta The Life I Deserve 1. elokuuta \u2013 1. joulukuuta Signac&#8217;sta Matisseen 1. lokakuuta \u2013 1. joulukuuta &#8221;Cyborgit, kuten filosofi Donna Haraway m\u00e4\u00e4ritteli, eiv\u00e4t tunne kunnioitusta. Ne eiv\u00e4t muista kosmosta.&#8221; UMoMAn seitsem\u00e4n [&hellip;]<\/p>\n","protected":false},"author":1,"featured_media":11,"parent":0,"menu_order":0,"comment_status":"closed","ping_status":"closed","template":"","meta":{"footnotes":""},"_links":{"self":[{"href":"http:\/\/www.kemtennis.fi\/index.php\/wp-json\/wp\/v2\/pages\/12"}],"collection":[{"href":"http:\/\/www.kemtennis.fi\/index.php\/wp-json\/wp\/v2\/pages"}],"about":[{"href":"http:\/\/www.kemtennis.fi\/index.php\/wp-json\/wp\/v2\/types\/page"}],"author":[{"embeddable":true,"href":"http:\/\/www.kemtennis.fi\/index.php\/wp-json\/wp\/v2\/users\/1"}],"replies":[{"embeddable":true,"href":"http:\/\/www.kemtennis.fi\/index.php\/wp-json\/wp\/v2\/comments?post=12"}],"version-history":[{"count":1,"href":"http:\/\/www.kemtennis.fi\/index.php\/wp-json\/wp\/v2\/pages\/12\/revisions"}],"predecessor-version":[{"id":18,"href":"http:\/\/www.kemtennis.fi\/index.php\/wp-json\/wp\/v2\/pages\/12\/revisions\/18"}],"wp:featuredmedia":[{"embeddable":true,"href":"http:\/\/www.kemtennis.fi\/index.php\/wp-json\/wp\/v2\/media\/11"}],"wp:attachment":[{"href":"http:\/\/www.kemtennis.fi\/index.php\/wp-json\/wp\/v2\/media?parent=12"}],"curies":[{"name":"wp","href":"https:\/\/api.w.org\/{rel}","templated":true}]}}